{"id":173,"date":"2021-03-18T16:30:17","date_gmt":"2021-03-18T16:30:17","guid":{"rendered":"http:\/\/www.worldsunset.live\/?page_id=173"},"modified":"2021-03-18T16:30:17","modified_gmt":"2021-03-18T16:30:17","slug":"opciones-roku","status":"publish","type":"page","link":"https:\/\/yoopeetv.com\/index.php\/opciones-roku\/","title":{"rendered":"Opciones Roku"},"content":{"rendered":"<p>[et_pb_section fb_built=&#8221;1&#8243; fullwidth=&#8221;on&#8221; _builder_version=&#8221;4.9.0&#8243; _module_preset=&#8221;default&#8221;][et_pb_fullwidth_header title=&#8221;Instrucciones para RoKu&#8221; text_orientation=&#8221;center&#8221; button_one_text=&#8221;SUSCRIBIR AHORA&#8221; button_one_url=&#8221;@ET-DC@eyJkeW5hbWljIjp0cnVlLCJjb250ZW50IjoicG9zdF9saW5rX3VybF9wYWdlIiwic2V0dGluZ3MiOnsicG9zdF9pZCI6IjExNiJ9fQ==@&#8221; _builder_version=&#8221;4.9.1&#8243; _dynamic_attributes=&#8221;button_one_url&#8221; _module_preset=&#8221;default&#8221; title_font=&#8221;Poppins|600|||||||&#8221; title_font_size=&#8221;35px&#8221; title_letter_spacing=&#8221;1px&#8221; content_font=&#8221;Poppins|500|||||||&#8221; content_font_size=&#8221;18px&#8221; background_color=&#8221;rgba(0,0,0,0.76)&#8221; background_image=&#8221;http:\/\/wwtv.online\/wp-content\/uploads\/2021\/03\/Banner1.jpg&#8221; background_blend=&#8221;multiply&#8221; custom_button_one=&#8221;on&#8221; button_one_bg_color=&#8221;rgba(237,240,0,0.17)&#8221; button_one_border_radius=&#8221;12px&#8221; button_one_font=&#8221;Poppins|600|||||||&#8221;]<\/p>\n<p>Informaci\u00f3n para la descarga, instalaci\u00f3n y solicitud de pruebas y servicios<\/p>\n<p>[\/et_pb_fullwidth_header][\/et_pb_section][et_pb_section fb_built=&#8221;1&#8243; module_id=&#8221;roku_config&#8221; _builder_version=&#8221;4.9.1&#8243; _module_preset=&#8221;default&#8221; use_background_color_gradient=&#8221;on&#8221; background_color_gradient_start=&#8221;#000000&#8243; background_color_gradient_end=&#8221;rgba(0,0,0,0.73)&#8221; background_enable_image=&#8221;off&#8221; top_divider_style=&#8221;slant2&#8243; top_divider_color=&#8221;#E09900&#8243;][et_pb_row column_structure=&#8221;1_4,1_2,1_4&#8243; _builder_version=&#8221;4.9.0&#8243; _module_preset=&#8221;default&#8221;][et_pb_column type=&#8221;1_4&#8243; _builder_version=&#8221;4.9.0&#8243; _module_preset=&#8221;default&#8221;][et_pb_image src=&#8221;http:\/\/wwtv.online\/wp-content\/uploads\/2021\/03\/roku-logo-300&#215;169.jpg&#8221; title_text=&#8221;roku-logo&#8221; _builder_version=&#8221;4.9.0&#8243; _module_preset=&#8221;default&#8221;][\/et_pb_image][\/et_pb_column][et_pb_column type=&#8221;1_2&#8243; _builder_version=&#8221;4.9.0&#8243; _module_preset=&#8221;default&#8221;][et_pb_text _builder_version=&#8221;4.9.0&#8243; _module_preset=&#8221;default&#8221; text_font=&#8221;Poppins||||||||&#8221; text_text_color=&#8221;#FFFFFF&#8221; header_font=&#8221;Poppins||||||||&#8221; header_text_color=&#8221;#000000&#8243;]<\/p>\n<h3><span style=\"color: #e09900;\"><strong>Roku &#8211; Cualquier modelo<\/strong><\/span><\/h3>\n<p><span style=\"font-size: large;\"><strong><\/strong><\/span><\/p>\n<p><span style=\"font-size: large;\"><strong>Antes de validar cual es la aplicaci\u00f3n m\u00e1s eficiente para su Roku:<\/strong><\/span><\/p>\n<p>1.- Validar la velocidad de su enlace de Internet a trav\u00e9s del siguiente enlace. <a href=\"https:\/\/www.speedcheck.org\/\" target=\"_blank\" rel=\"noopener noreferrer\" title=\"Realizar Print la Prueba\">Probar<\/a><\/p>\n<p>2-Capturar la prueba de Velocidad<\/p>\n<p>3.- Validar si tiene acceso a su Router de Internet y capacidad de &#8220;Control Parental&#8221;\u00a0<\/p>\n<p>3.- Capturar la Pantalla del men\u00fa de Control Parental de su Router<\/p>\n<p>4.- Enviar ambos capture al <a href=\"https:\/\/wa.me\/18139900985\"><b>WhatsApp<\/b><\/a><\/p>\n<p>[\/et_pb_text][\/et_pb_column][et_pb_column type=&#8221;1_4&#8243; _builder_version=&#8221;4.9.0&#8243; _module_preset=&#8221;default&#8221;][et_pb_image src=&#8221;http:\/\/wwtv.online\/wp-content\/uploads\/2021\/03\/WS50.png&#8221; title_text=&#8221;WS50&#8243; url=&#8221;https:\/\/wa.me\/18139900985&#8243; url_new_window=&#8221;on&#8221; align=&#8221;center&#8221; _builder_version=&#8221;4.9.1&#8243; _module_preset=&#8221;default&#8221; sticky_position=&#8221;top&#8221; sticky_offset_top=&#8221;5px&#8221;][\/et_pb_image][\/et_pb_column][\/et_pb_row][\/et_pb_section]<\/p>\n","protected":false},"excerpt":{"rendered":"<p>Informaci\u00f3n para la descarga, instalaci\u00f3n y solicitud de pruebas y serviciosRoku &#8211; Cualquier modelo Antes de validar cual es la aplicaci\u00f3n m\u00e1s eficiente para su Roku: 1.- Validar la velocidad de su enlace de Internet a trav\u00e9s del siguiente enlace. Probar 2-Capturar la prueba de Velocidad 3.- Validar si tiene acceso a su Router de [&hellip;]<\/p>\n","protected":false},"author":2,"featured_media":0,"parent":0,"menu_order":0,"comment_status":"closed","ping_status":"closed","template":"","meta":{"_et_pb_use_builder":"on","_et_pb_old_content":"<!-- wp:divi\/placeholder \/-->","_et_gb_content_width":""},"jetpack_sharing_enabled":true,"_links":{"self":[{"href":"https:\/\/yoopeetv.com\/index.php\/wp-json\/wp\/v2\/pages\/173"}],"collection":[{"href":"https:\/\/yoopeetv.com\/index.php\/wp-json\/wp\/v2\/pages"}],"about":[{"href":"https:\/\/yoopeetv.com\/index.php\/wp-json\/wp\/v2\/types\/page"}],"author":[{"embeddable":true,"href":"https:\/\/yoopeetv.com\/index.php\/wp-json\/wp\/v2\/users\/2"}],"replies":[{"embeddable":true,"href":"https:\/\/yoopeetv.com\/index.php\/wp-json\/wp\/v2\/comments?post=173"}],"version-history":[{"count":0,"href":"https:\/\/yoopeetv.com\/index.php\/wp-json\/wp\/v2\/pages\/173\/revisions"}],"wp:attachment":[{"href":"https:\/\/yoopeetv.com\/index.php\/wp-json\/wp\/v2\/media?parent=173"}],"curies":[{"name":"wp","href":"https:\/\/api.w.org\/{rel}","templated":true}]}}